{"id":455,"date":"2017-06-14T21:53:27","date_gmt":"2017-06-14T21:53:27","guid":{"rendered":"https:\/\/www.hb.co.cr\/the-restaurant\/"},"modified":"2025-06-13T19:04:34","modified_gmt":"2025-06-13T19:04:34","slug":"el-restaurante","status":"publish","type":"page","link":"https:\/\/www.hb.co.cr\/es\/el-restaurante\/","title":{"rendered":"Vitrales Bar &#038; Restaurante"},"content":{"rendered":"<p><a class=\"btn_reserva_rest\" href=\"https:\/\/www.hb.co.cr\/es\/reservacion\/\">Reserve<\/a><\/p>\n","protected":false},"excerpt":{"rendered":"<p>Reserve<\/p>\n","protected":false},"author":2,"featured_media":0,"parent":0,"menu_order":0,"comment_status":"closed","ping_status":"closed","template":"","meta":{"footnotes":""},"class_list":["post-455","page","type-page","status-publish","hentry"],"yoast_head":"<!-- This site is optimized with the Yoast SEO plugin v25.3 - https:\/\/yoast.com\/wordpress\/plugins\/seo\/ -->\n<title>Restaurante, bar, comida t\u00edpica, platos internacionales por Hotel Bougainvillea, Heredia, Costa Rica.<\/title>\n<meta name=\"description\" content=\"El Hotel Bougainvillea es un oasis de paz y tranquilidad. Uno de los pocos hoteles independientes en el Valle Central, tiene much\u00edsima personalidad. Rodeado de 4 hect\u00e1reas de jardines bot\u00e1nicos en los que se puede apreciar la naturaleza, con piscina, canchas de tenis, gimnasio y un restaurante donde se puede disfrutar de deliciosa comida al estilo tradicional europeo y tambi\u00e9n costarricense.\" \/>\n<meta name=\"robots\" content=\"index, follow, max-snippet:-1, max-image-preview:large, max-video-preview:-1\" \/>\n<link rel=\"canonical\" href=\"https:\/\/www.hb.co.cr\/es\/el-restaurante\/\" \/>\n<meta property=\"og:locale\" content=\"es_ES\" \/>\n<meta property=\"og:type\" content=\"article\" \/>\n<meta property=\"og:title\" content=\"Restaurante, bar, comida t\u00edpica, platos internacionales por Hotel Bougainvillea, Heredia, Costa Rica.\" \/>\n<meta property=\"og:description\" content=\"El Hotel Bougainvillea es un oasis de paz y tranquilidad. Uno de los pocos hoteles independientes en el Valle Central, tiene much\u00edsima personalidad. Rodeado de 4 hect\u00e1reas de jardines bot\u00e1nicos en los que se puede apreciar la naturaleza, con piscina, canchas de tenis, gimnasio y un restaurante donde se puede disfrutar de deliciosa comida al estilo tradicional europeo y tambi\u00e9n costarricense.\" \/>\n<meta property=\"og:url\" content=\"https:\/\/www.hb.co.cr\/es\/el-restaurante\/\" \/>\n<meta property=\"og:site_name\" content=\"Hotel Bougainvillea\" \/>\n<meta property=\"article:modified_time\" content=\"2025-06-13T19:04:34+00:00\" \/>\n<meta name=\"twitter:card\" content=\"summary_large_image\" \/>\n<meta name=\"twitter:label1\" content=\"Tiempo de lectura\" \/>\n\t<meta name=\"twitter:data1\" content=\"1 minuto\" \/>\n<script type=\"application\/ld+json\" class=\"yoast-schema-graph\">{\"@context\":\"https:\/\/schema.org\",\"@graph\":[{\"@type\":\"WebPage\",\"@id\":\"https:\/\/www.hb.co.cr\/es\/el-restaurante\/\",\"url\":\"https:\/\/www.hb.co.cr\/es\/el-restaurante\/\",\"name\":\"Restaurante, bar, comida t\u00edpica, platos internacionales por Hotel Bougainvillea, Heredia, Costa Rica.\",\"isPartOf\":{\"@id\":\"https:\/\/www.hb.co.cr\/es\/#website\"},\"datePublished\":\"2017-06-14T21:53:27+00:00\",\"dateModified\":\"2025-06-13T19:04:34+00:00\",\"description\":\"El Hotel Bougainvillea es un oasis de paz y tranquilidad. Uno de los pocos hoteles independientes en el Valle Central, tiene much\u00edsima personalidad. Rodeado de 4 hect\u00e1reas de jardines bot\u00e1nicos en los que se puede apreciar la naturaleza, con piscina, canchas de tenis, gimnasio y un restaurante donde se puede disfrutar de deliciosa comida al estilo tradicional europeo y tambi\u00e9n costarricense.\",\"breadcrumb\":{\"@id\":\"https:\/\/www.hb.co.cr\/es\/el-restaurante\/#breadcrumb\"},\"inLanguage\":\"es\",\"potentialAction\":[{\"@type\":\"ReadAction\",\"target\":[\"https:\/\/www.hb.co.cr\/es\/el-restaurante\/\"]}]},{\"@type\":\"BreadcrumbList\",\"@id\":\"https:\/\/www.hb.co.cr\/es\/el-restaurante\/#breadcrumb\",\"itemListElement\":[{\"@type\":\"ListItem\",\"position\":1,\"name\":\"Home\",\"item\":\"https:\/\/www.hb.co.cr\/es\/\"},{\"@type\":\"ListItem\",\"position\":2,\"name\":\"Vitrales Bar &#038; Restaurante\"}]},{\"@type\":\"WebSite\",\"@id\":\"https:\/\/www.hb.co.cr\/es\/#website\",\"url\":\"https:\/\/www.hb.co.cr\/es\/\",\"name\":\"Hotel Bougainvillea\",\"description\":\"Hotel Bougainvillea\",\"potentialAction\":[{\"@type\":\"SearchAction\",\"target\":{\"@type\":\"EntryPoint\",\"urlTemplate\":\"https:\/\/www.hb.co.cr\/es\/?s={search_term_string}\"},\"query-input\":{\"@type\":\"PropertyValueSpecification\",\"valueRequired\":true,\"valueName\":\"search_term_string\"}}],\"inLanguage\":\"es\"}]}<\/script>\n<!-- \/ Yoast SEO plugin. -->","yoast_head_json":{"title":"Restaurante, bar, comida t\u00edpica, platos internacionales por Hotel Bougainvillea, Heredia, Costa Rica.","description":"El Hotel Bougainvillea es un oasis de paz y tranquilidad. Uno de los pocos hoteles independientes en el Valle Central, tiene much\u00edsima personalidad. Rodeado de 4 hect\u00e1reas de jardines bot\u00e1nicos en los que se puede apreciar la naturaleza, con piscina, canchas de tenis, gimnasio y un restaurante donde se puede disfrutar de deliciosa comida al estilo tradicional europeo y tambi\u00e9n costarricense.","robots":{"index":"index","follow":"follow","max-snippet":"max-snippet:-1","max-image-preview":"max-image-preview:large","max-video-preview":"max-video-preview:-1"},"canonical":"https:\/\/www.hb.co.cr\/es\/el-restaurante\/","og_locale":"es_ES","og_type":"article","og_title":"Restaurante, bar, comida t\u00edpica, platos internacionales por Hotel Bougainvillea, Heredia, Costa Rica.","og_description":"El Hotel Bougainvillea es un oasis de paz y tranquilidad. Uno de los pocos hoteles independientes en el Valle Central, tiene much\u00edsima personalidad. Rodeado de 4 hect\u00e1reas de jardines bot\u00e1nicos en los que se puede apreciar la naturaleza, con piscina, canchas de tenis, gimnasio y un restaurante donde se puede disfrutar de deliciosa comida al estilo tradicional europeo y tambi\u00e9n costarricense.","og_url":"https:\/\/www.hb.co.cr\/es\/el-restaurante\/","og_site_name":"Hotel Bougainvillea","article_modified_time":"2025-06-13T19:04:34+00:00","twitter_card":"summary_large_image","twitter_misc":{"Tiempo de lectura":"1 minuto"},"schema":{"@context":"https:\/\/schema.org","@graph":[{"@type":"WebPage","@id":"https:\/\/www.hb.co.cr\/es\/el-restaurante\/","url":"https:\/\/www.hb.co.cr\/es\/el-restaurante\/","name":"Restaurante, bar, comida t\u00edpica, platos internacionales por Hotel Bougainvillea, Heredia, Costa Rica.","isPartOf":{"@id":"https:\/\/www.hb.co.cr\/es\/#website"},"datePublished":"2017-06-14T21:53:27+00:00","dateModified":"2025-06-13T19:04:34+00:00","description":"El Hotel Bougainvillea es un oasis de paz y tranquilidad. Uno de los pocos hoteles independientes en el Valle Central, tiene much\u00edsima personalidad. Rodeado de 4 hect\u00e1reas de jardines bot\u00e1nicos en los que se puede apreciar la naturaleza, con piscina, canchas de tenis, gimnasio y un restaurante donde se puede disfrutar de deliciosa comida al estilo tradicional europeo y tambi\u00e9n costarricense.","breadcrumb":{"@id":"https:\/\/www.hb.co.cr\/es\/el-restaurante\/#breadcrumb"},"inLanguage":"es","potentialAction":[{"@type":"ReadAction","target":["https:\/\/www.hb.co.cr\/es\/el-restaurante\/"]}]},{"@type":"BreadcrumbList","@id":"https:\/\/www.hb.co.cr\/es\/el-restaurante\/#breadcrumb","itemListElement":[{"@type":"ListItem","position":1,"name":"Home","item":"https:\/\/www.hb.co.cr\/es\/"},{"@type":"ListItem","position":2,"name":"Vitrales Bar &#038; Restaurante"}]},{"@type":"WebSite","@id":"https:\/\/www.hb.co.cr\/es\/#website","url":"https:\/\/www.hb.co.cr\/es\/","name":"Hotel Bougainvillea","description":"Hotel Bougainvillea","potentialAction":[{"@type":"SearchAction","target":{"@type":"EntryPoint","urlTemplate":"https:\/\/www.hb.co.cr\/es\/?s={search_term_string}"},"query-input":{"@type":"PropertyValueSpecification","valueRequired":true,"valueName":"search_term_string"}}],"inLanguage":"es"}]}},"_links":{"self":[{"href":"https:\/\/www.hb.co.cr\/es\/wp-json\/wp\/v2\/pages\/455","targetHints":{"allow":["GET"]}}],"collection":[{"href":"https:\/\/www.hb.co.cr\/es\/wp-json\/wp\/v2\/pages"}],"about":[{"href":"https:\/\/www.hb.co.cr\/es\/wp-json\/wp\/v2\/types\/page"}],"author":[{"embeddable":true,"href":"https:\/\/www.hb.co.cr\/es\/wp-json\/wp\/v2\/users\/2"}],"replies":[{"embeddable":true,"href":"https:\/\/www.hb.co.cr\/es\/wp-json\/wp\/v2\/comments?post=455"}],"version-history":[{"count":3,"href":"https:\/\/www.hb.co.cr\/es\/wp-json\/wp\/v2\/pages\/455\/revisions"}],"predecessor-version":[{"id":549,"href":"https:\/\/www.hb.co.cr\/es\/wp-json\/wp\/v2\/pages\/455\/revisions\/549"}],"wp:attachment":[{"href":"https:\/\/www.hb.co.cr\/es\/wp-json\/wp\/v2\/media?parent=455"}],"curies":[{"name":"wp","href":"https:\/\/api.w.org\/{rel}","templated":true}]}}