{"id":462,"date":"2017-07-19T16:09:37","date_gmt":"2017-07-19T16:09:37","guid":{"rendered":"https:\/\/www.hb.co.cr\/the-garden\/"},"modified":"2025-06-13T17:08:23","modified_gmt":"2025-06-13T17:08:23","slug":"el-jardin","status":"publish","type":"page","link":"https:\/\/www.hb.co.cr\/es\/el-jardin\/","title":{"rendered":"El Jard\u00edn"},"content":{"rendered":"<p><div class=\"carousel-slider-outer carousel-slider-outer-image-carousel carousel-slider-outer-80\" style=\"--carousel-slider-nav-color:#11622a;--carousel-slider-active-nav-color:#11622a;--carousel-slider-arrow-size:48px;--carousel-slider-bullet-size:10px\">\n<div id=\"&#039;id-80\" class=\"carousel-slider carousel-slider-80 arrows-visibility-hover dots-visibility-never arrows-outside dots-center dots-circle owl-carousel\" data-slide-type=\"image-carousel\" data-owl-settings='{\"nav\":true,\"dots\":false,\"slideBy\":1,\"stagePadding\":0,\"margin\":10,\"loop\":true,\"lazyLoad\":false,\"autoplay\":true,\"autoplayTimeout\":5000,\"autoplaySpeed\":500,\"autoplayHoverPause\":false,\"autoWidth\":false,\"responsive\":{\"300\":{\"items\":1},\"576\":{\"items\":2},\"768\":{\"items\":2},\"1024\":{\"items\":3},\"1280\":{\"items\":4},\"1536\":{\"items\":4}}}'>\n<div class=\"carousel-slider__item\">\n\t<a class=\"magnific-popup\" href=\"https:\/\/www.hb.co.cr\/wp-content\/uploads\/2017\/07\/Garden-16-1.jpg\" data-width=\"1100\" data-height=\"734\"><img loading=\"lazy\" decoding=\"async\" width=\"1024\" height=\"683\" src=\"https:\/\/www.hb.co.cr\/wp-content\/uploads\/2017\/07\/Garden-16-1-1024x683.jpg\" class=\"attachment-large size-large\" alt=\"\" srcset=\"https:\/\/www.hb.co.cr\/wp-content\/uploads\/2017\/07\/Garden-16-1-1024x683.jpg 1024w, https:\/\/www.hb.co.cr\/wp-content\/uploads\/2017\/07\/Garden-16-1-300x200.jpg 300w, https:\/\/www.hb.co.cr\/wp-content\/uploads\/2017\/07\/Garden-16-1-768x512.jpg 768w, https:\/\/www.hb.co.cr\/wp-content\/uploads\/2017\/07\/Garden-16-1-219x146.jpg 219w, https:\/\/www.hb.co.cr\/wp-content\/uploads\/2017\/07\/Garden-16-1-50x33.jpg 50w, https:\/\/www.hb.co.cr\/wp-content\/uploads\/2017\/07\/Garden-16-1-112x75.jpg 112w, https:\/\/www.hb.co.cr\/wp-content\/uploads\/2017\/07\/Garden-16-1.jpg 1100w\" sizes=\"auto, (max-width:767px) 700px, (max-width:1024px) 100vw, 1024px\" \/><\/a><\/div>\n\n<div class=\"carousel-slider__item\">\n\t<a class=\"magnific-popup\" href=\"https:\/\/www.hb.co.cr\/wp-content\/uploads\/2017\/07\/Garden-15.jpg\" data-width=\"1100\" data-height=\"734\"><img loading=\"lazy\" decoding=\"async\" width=\"1024\" height=\"683\" src=\"https:\/\/www.hb.co.cr\/wp-content\/uploads\/2017\/07\/Garden-15-1024x683.jpg\" class=\"attachment-large size-large\" alt=\"\" srcset=\"https:\/\/www.hb.co.cr\/wp-content\/uploads\/2017\/07\/Garden-15-1024x683.jpg 1024w, https:\/\/www.hb.co.cr\/wp-content\/uploads\/2017\/07\/Garden-15-300x200.jpg 300w, https:\/\/www.hb.co.cr\/wp-content\/uploads\/2017\/07\/Garden-15-768x512.jpg 768w, https:\/\/www.hb.co.cr\/wp-content\/uploads\/2017\/07\/Garden-15-219x146.jpg 219w, https:\/\/www.hb.co.cr\/wp-content\/uploads\/2017\/07\/Garden-15-50x33.jpg 50w, https:\/\/www.hb.co.cr\/wp-content\/uploads\/2017\/07\/Garden-15-112x75.jpg 112w, https:\/\/www.hb.co.cr\/wp-content\/uploads\/2017\/07\/Garden-15.jpg 1100w\" sizes=\"auto, (max-width:767px) 700px, (max-width:1024px) 100vw, 1024px\" \/><\/a><\/div>\n\n<div class=\"carousel-slider__item\">\n\t<a class=\"magnific-popup\" href=\"https:\/\/www.hb.co.cr\/wp-content\/uploads\/2017\/07\/Garden-14-1.jpg\" data-width=\"1100\" data-height=\"734\"><img loading=\"lazy\" decoding=\"async\" width=\"1024\" height=\"683\" src=\"https:\/\/www.hb.co.cr\/wp-content\/uploads\/2017\/07\/Garden-14-1-1024x683.jpg\" class=\"attachment-large size-large\" alt=\"\" srcset=\"https:\/\/www.hb.co.cr\/wp-content\/uploads\/2017\/07\/Garden-14-1-1024x683.jpg 1024w, https:\/\/www.hb.co.cr\/wp-content\/uploads\/2017\/07\/Garden-14-1-300x200.jpg 300w, https:\/\/www.hb.co.cr\/wp-content\/uploads\/2017\/07\/Garden-14-1-768x512.jpg 768w, https:\/\/www.hb.co.cr\/wp-content\/uploads\/2017\/07\/Garden-14-1-219x146.jpg 219w, https:\/\/www.hb.co.cr\/wp-content\/uploads\/2017\/07\/Garden-14-1-50x33.jpg 50w, https:\/\/www.hb.co.cr\/wp-content\/uploads\/2017\/07\/Garden-14-1-112x75.jpg 112w, https:\/\/www.hb.co.cr\/wp-content\/uploads\/2017\/07\/Garden-14-1.jpg 1100w\" sizes=\"auto, (max-width:767px) 700px, (max-width:1024px) 100vw, 1024px\" \/><\/a><\/div>\n\n<div class=\"carousel-slider__item\">\n\t<a class=\"magnific-popup\" href=\"https:\/\/www.hb.co.cr\/wp-content\/uploads\/2017\/07\/Garden-13.jpg\" data-width=\"1100\" data-height=\"734\"><img loading=\"lazy\" decoding=\"async\" width=\"1024\" height=\"683\" src=\"https:\/\/www.hb.co.cr\/wp-content\/uploads\/2017\/07\/Garden-13-1024x683.jpg\" class=\"attachment-large size-large\" alt=\"\" srcset=\"https:\/\/www.hb.co.cr\/wp-content\/uploads\/2017\/07\/Garden-13-1024x683.jpg 1024w, https:\/\/www.hb.co.cr\/wp-content\/uploads\/2017\/07\/Garden-13-300x200.jpg 300w, https:\/\/www.hb.co.cr\/wp-content\/uploads\/2017\/07\/Garden-13-768x512.jpg 768w, https:\/\/www.hb.co.cr\/wp-content\/uploads\/2017\/07\/Garden-13-219x146.jpg 219w, https:\/\/www.hb.co.cr\/wp-content\/uploads\/2017\/07\/Garden-13-50x33.jpg 50w, https:\/\/www.hb.co.cr\/wp-content\/uploads\/2017\/07\/Garden-13-112x75.jpg 112w, https:\/\/www.hb.co.cr\/wp-content\/uploads\/2017\/07\/Garden-13.jpg 1100w\" sizes=\"auto, (max-width:767px) 700px, (max-width:1024px) 100vw, 1024px\" \/><\/a><\/div>\n\n<div class=\"carousel-slider__item\">\n\t<a class=\"magnific-popup\" href=\"https:\/\/www.hb.co.cr\/wp-content\/uploads\/2017\/07\/Garden-12.jpg\" data-width=\"1100\" data-height=\"734\"><img loading=\"lazy\" decoding=\"async\" width=\"1024\" height=\"683\" src=\"https:\/\/www.hb.co.cr\/wp-content\/uploads\/2017\/07\/Garden-12-1024x683.jpg\" class=\"attachment-large size-large\" alt=\"\" srcset=\"https:\/\/www.hb.co.cr\/wp-content\/uploads\/2017\/07\/Garden-12-1024x683.jpg 1024w, https:\/\/www.hb.co.cr\/wp-content\/uploads\/2017\/07\/Garden-12-300x200.jpg 300w, https:\/\/www.hb.co.cr\/wp-content\/uploads\/2017\/07\/Garden-12-768x512.jpg 768w, https:\/\/www.hb.co.cr\/wp-content\/uploads\/2017\/07\/Garden-12-219x146.jpg 219w, https:\/\/www.hb.co.cr\/wp-content\/uploads\/2017\/07\/Garden-12-50x33.jpg 50w, https:\/\/www.hb.co.cr\/wp-content\/uploads\/2017\/07\/Garden-12-112x75.jpg 112w, https:\/\/www.hb.co.cr\/wp-content\/uploads\/2017\/07\/Garden-12.jpg 1100w\" sizes=\"auto, (max-width:767px) 700px, (max-width:1024px) 100vw, 1024px\" \/><\/a><\/div>\n\n<div class=\"carousel-slider__item\">\n\t<a class=\"magnific-popup\" href=\"https:\/\/www.hb.co.cr\/wp-content\/uploads\/2017\/07\/Garden-11.jpg\" data-width=\"1100\" data-height=\"734\"><img loading=\"lazy\" decoding=\"async\" width=\"1024\" height=\"683\" src=\"https:\/\/www.hb.co.cr\/wp-content\/uploads\/2017\/07\/Garden-11-1024x683.jpg\" class=\"attachment-large size-large\" alt=\"\" srcset=\"https:\/\/www.hb.co.cr\/wp-content\/uploads\/2017\/07\/Garden-11-1024x683.jpg 1024w, https:\/\/www.hb.co.cr\/wp-content\/uploads\/2017\/07\/Garden-11-300x200.jpg 300w, https:\/\/www.hb.co.cr\/wp-content\/uploads\/2017\/07\/Garden-11-768x512.jpg 768w, https:\/\/www.hb.co.cr\/wp-content\/uploads\/2017\/07\/Garden-11-219x146.jpg 219w, https:\/\/www.hb.co.cr\/wp-content\/uploads\/2017\/07\/Garden-11-50x33.jpg 50w, https:\/\/www.hb.co.cr\/wp-content\/uploads\/2017\/07\/Garden-11-112x75.jpg 112w, https:\/\/www.hb.co.cr\/wp-content\/uploads\/2017\/07\/Garden-11.jpg 1100w\" sizes=\"auto, (max-width:767px) 700px, (max-width:1024px) 100vw, 1024px\" \/><\/a><\/div>\n\n<\/div><!-- .carousel-slider-80 -->\n<\/div><!-- .carousel-slider-outer-80 -->\n<br \/>\n<div class=\"carousel-slider-outer carousel-slider-outer-image-carousel carousel-slider-outer-87\" style=\"--carousel-slider-nav-color:#11622a;--carousel-slider-active-nav-color:#11622a;--carousel-slider-arrow-size:48px;--carousel-slider-bullet-size:10px\">\n<div id=\"&#039;id-87\" class=\"carousel-slider carousel-slider-87 arrows-visibility-hover dots-visibility-never arrows-outside dots-center dots-circle owl-carousel\" data-slide-type=\"image-carousel\" data-owl-settings='{\"nav\":true,\"dots\":false,\"slideBy\":1,\"stagePadding\":0,\"margin\":10,\"loop\":true,\"lazyLoad\":false,\"autoplay\":true,\"autoplayTimeout\":5000,\"autoplaySpeed\":500,\"autoplayHoverPause\":false,\"autoWidth\":false,\"responsive\":{\"300\":{\"items\":1},\"576\":{\"items\":2},\"768\":{\"items\":2},\"1024\":{\"items\":3},\"1280\":{\"items\":4},\"1536\":{\"items\":4}}}'>\n<div class=\"carousel-slider__item\">\n\t<a class=\"magnific-popup\" href=\"https:\/\/www.hb.co.cr\/wp-content\/uploads\/2017\/07\/Garden-1.jpg\" data-width=\"1100\" data-height=\"619\"><img loading=\"lazy\" decoding=\"async\" width=\"1024\" height=\"576\" src=\"https:\/\/www.hb.co.cr\/wp-content\/uploads\/2017\/07\/Garden-1-1024x576.jpg\" class=\"attachment-large size-large\" alt=\"\" srcset=\"https:\/\/www.hb.co.cr\/wp-content\/uploads\/2017\/07\/Garden-1-1024x576.jpg 1024w, https:\/\/www.hb.co.cr\/wp-content\/uploads\/2017\/07\/Garden-1-300x169.jpg 300w, https:\/\/www.hb.co.cr\/wp-content\/uploads\/2017\/07\/Garden-1-768x432.jpg 768w, https:\/\/www.hb.co.cr\/wp-content\/uploads\/2017\/07\/Garden-1-260x146.jpg 260w, https:\/\/www.hb.co.cr\/wp-content\/uploads\/2017\/07\/Garden-1-50x28.jpg 50w, https:\/\/www.hb.co.cr\/wp-content\/uploads\/2017\/07\/Garden-1-133x75.jpg 133w, https:\/\/www.hb.co.cr\/wp-content\/uploads\/2017\/07\/Garden-1.jpg 1100w\" sizes=\"auto, (max-width:767px) 700px, (max-width:1024px) 100vw, 1024px\" \/><\/a><\/div>\n\n<div class=\"carousel-slider__item\">\n\t<a class=\"magnific-popup\" href=\"https:\/\/www.hb.co.cr\/wp-content\/uploads\/2017\/07\/Garden-2.jpg\" data-width=\"1100\" data-height=\"619\"><img loading=\"lazy\" decoding=\"async\" width=\"1024\" height=\"576\" src=\"https:\/\/www.hb.co.cr\/wp-content\/uploads\/2017\/07\/Garden-2-1024x576.jpg\" class=\"attachment-large size-large\" alt=\"\" srcset=\"https:\/\/www.hb.co.cr\/wp-content\/uploads\/2017\/07\/Garden-2-1024x576.jpg 1024w, https:\/\/www.hb.co.cr\/wp-content\/uploads\/2017\/07\/Garden-2-300x169.jpg 300w, https:\/\/www.hb.co.cr\/wp-content\/uploads\/2017\/07\/Garden-2-768x432.jpg 768w, https:\/\/www.hb.co.cr\/wp-content\/uploads\/2017\/07\/Garden-2-260x146.jpg 260w, https:\/\/www.hb.co.cr\/wp-content\/uploads\/2017\/07\/Garden-2-50x28.jpg 50w, https:\/\/www.hb.co.cr\/wp-content\/uploads\/2017\/07\/Garden-2-133x75.jpg 133w, https:\/\/www.hb.co.cr\/wp-content\/uploads\/2017\/07\/Garden-2.jpg 1100w\" sizes=\"auto, (max-width:767px) 700px, (max-width:1024px) 100vw, 1024px\" \/><\/a><\/div>\n\n<div class=\"carousel-slider__item\">\n\t<a class=\"magnific-popup\" href=\"https:\/\/www.hb.co.cr\/wp-content\/uploads\/2017\/07\/Garden-3.jpg\" data-width=\"1100\" data-height=\"619\"><img loading=\"lazy\" decoding=\"async\" width=\"1024\" height=\"576\" src=\"https:\/\/www.hb.co.cr\/wp-content\/uploads\/2017\/07\/Garden-3-1024x576.jpg\" class=\"attachment-large size-large\" alt=\"\" srcset=\"https:\/\/www.hb.co.cr\/wp-content\/uploads\/2017\/07\/Garden-3-1024x576.jpg 1024w, https:\/\/www.hb.co.cr\/wp-content\/uploads\/2017\/07\/Garden-3-300x169.jpg 300w, https:\/\/www.hb.co.cr\/wp-content\/uploads\/2017\/07\/Garden-3-768x432.jpg 768w, https:\/\/www.hb.co.cr\/wp-content\/uploads\/2017\/07\/Garden-3-260x146.jpg 260w, https:\/\/www.hb.co.cr\/wp-content\/uploads\/2017\/07\/Garden-3-50x28.jpg 50w, https:\/\/www.hb.co.cr\/wp-content\/uploads\/2017\/07\/Garden-3-133x75.jpg 133w, https:\/\/www.hb.co.cr\/wp-content\/uploads\/2017\/07\/Garden-3.jpg 1100w\" sizes=\"auto, (max-width:767px) 700px, (max-width:1024px) 100vw, 1024px\" \/><\/a><\/div>\n\n<div class=\"carousel-slider__item\">\n\t<a class=\"magnific-popup\" href=\"https:\/\/www.hb.co.cr\/wp-content\/uploads\/2017\/07\/Garden-4.jpg\" data-width=\"1100\" data-height=\"619\"><img loading=\"lazy\" decoding=\"async\" width=\"1024\" height=\"576\" src=\"https:\/\/www.hb.co.cr\/wp-content\/uploads\/2017\/07\/Garden-4-1024x576.jpg\" class=\"attachment-large size-large\" alt=\"\" srcset=\"https:\/\/www.hb.co.cr\/wp-content\/uploads\/2017\/07\/Garden-4-1024x576.jpg 1024w, https:\/\/www.hb.co.cr\/wp-content\/uploads\/2017\/07\/Garden-4-300x169.jpg 300w, https:\/\/www.hb.co.cr\/wp-content\/uploads\/2017\/07\/Garden-4-768x432.jpg 768w, https:\/\/www.hb.co.cr\/wp-content\/uploads\/2017\/07\/Garden-4-260x146.jpg 260w, https:\/\/www.hb.co.cr\/wp-content\/uploads\/2017\/07\/Garden-4-50x28.jpg 50w, https:\/\/www.hb.co.cr\/wp-content\/uploads\/2017\/07\/Garden-4-133x75.jpg 133w, https:\/\/www.hb.co.cr\/wp-content\/uploads\/2017\/07\/Garden-4.jpg 1100w\" sizes=\"auto, (max-width:767px) 700px, (max-width:1024px) 100vw, 1024px\" \/><\/a><\/div>\n\n<div class=\"carousel-slider__item\">\n\t<a class=\"magnific-popup\" href=\"https:\/\/www.hb.co.cr\/wp-content\/uploads\/2017\/07\/Garden-5.jpg\" data-width=\"1100\" data-height=\"618\"><img loading=\"lazy\" decoding=\"async\" width=\"1024\" height=\"575\" src=\"https:\/\/www.hb.co.cr\/wp-content\/uploads\/2017\/07\/Garden-5-1024x575.jpg\" class=\"attachment-large size-large\" alt=\"\" srcset=\"https:\/\/www.hb.co.cr\/wp-content\/uploads\/2017\/07\/Garden-5-1024x575.jpg 1024w, https:\/\/www.hb.co.cr\/wp-content\/uploads\/2017\/07\/Garden-5-300x169.jpg 300w, https:\/\/www.hb.co.cr\/wp-content\/uploads\/2017\/07\/Garden-5-768x431.jpg 768w, https:\/\/www.hb.co.cr\/wp-content\/uploads\/2017\/07\/Garden-5-260x146.jpg 260w, https:\/\/www.hb.co.cr\/wp-content\/uploads\/2017\/07\/Garden-5-50x28.jpg 50w, https:\/\/www.hb.co.cr\/wp-content\/uploads\/2017\/07\/Garden-5-133x75.jpg 133w, https:\/\/www.hb.co.cr\/wp-content\/uploads\/2017\/07\/Garden-5.jpg 1100w\" sizes=\"auto, (max-width:767px) 700px, (max-width:1024px) 100vw, 1024px\" \/><\/a><\/div>\n\n<div class=\"carousel-slider__item\">\n\t<a class=\"magnific-popup\" href=\"https:\/\/www.hb.co.cr\/wp-content\/uploads\/2017\/07\/Garden-6.jpg\" data-width=\"1100\" data-height=\"618\"><img loading=\"lazy\" decoding=\"async\" width=\"1024\" height=\"575\" src=\"https:\/\/www.hb.co.cr\/wp-content\/uploads\/2017\/07\/Garden-6-1024x575.jpg\" class=\"attachment-large size-large\" alt=\"\" srcset=\"https:\/\/www.hb.co.cr\/wp-content\/uploads\/2017\/07\/Garden-6-1024x575.jpg 1024w, https:\/\/www.hb.co.cr\/wp-content\/uploads\/2017\/07\/Garden-6-300x169.jpg 300w, https:\/\/www.hb.co.cr\/wp-content\/uploads\/2017\/07\/Garden-6-768x431.jpg 768w, https:\/\/www.hb.co.cr\/wp-content\/uploads\/2017\/07\/Garden-6-260x146.jpg 260w, https:\/\/www.hb.co.cr\/wp-content\/uploads\/2017\/07\/Garden-6-50x28.jpg 50w, https:\/\/www.hb.co.cr\/wp-content\/uploads\/2017\/07\/Garden-6-133x75.jpg 133w, https:\/\/www.hb.co.cr\/wp-content\/uploads\/2017\/07\/Garden-6.jpg 1100w\" sizes=\"auto, (max-width:767px) 700px, (max-width:1024px) 100vw, 1024px\" \/><\/a><\/div>\n\n<div class=\"carousel-slider__item\">\n\t<a class=\"magnific-popup\" href=\"https:\/\/www.hb.co.cr\/wp-content\/uploads\/2017\/07\/Garden-7.jpg\" data-width=\"1100\" data-height=\"618\"><img loading=\"lazy\" decoding=\"async\" width=\"1024\" height=\"575\" src=\"https:\/\/www.hb.co.cr\/wp-content\/uploads\/2017\/07\/Garden-7-1024x575.jpg\" class=\"attachment-large size-large\" alt=\"\" srcset=\"https:\/\/www.hb.co.cr\/wp-content\/uploads\/2017\/07\/Garden-7-1024x575.jpg 1024w, https:\/\/www.hb.co.cr\/wp-content\/uploads\/2017\/07\/Garden-7-300x169.jpg 300w, https:\/\/www.hb.co.cr\/wp-content\/uploads\/2017\/07\/Garden-7-768x431.jpg 768w, https:\/\/www.hb.co.cr\/wp-content\/uploads\/2017\/07\/Garden-7-260x146.jpg 260w, https:\/\/www.hb.co.cr\/wp-content\/uploads\/2017\/07\/Garden-7-50x28.jpg 50w, https:\/\/www.hb.co.cr\/wp-content\/uploads\/2017\/07\/Garden-7-133x75.jpg 133w, https:\/\/www.hb.co.cr\/wp-content\/uploads\/2017\/07\/Garden-7.jpg 1100w\" sizes=\"auto, (max-width:767px) 700px, (max-width:1024px) 100vw, 1024px\" \/><\/a><\/div>\n\n<div class=\"carousel-slider__item\">\n\t<a class=\"magnific-popup\" href=\"https:\/\/www.hb.co.cr\/wp-content\/uploads\/2017\/07\/Garden-8.jpg\" data-width=\"1100\" data-height=\"619\"><img loading=\"lazy\" decoding=\"async\" width=\"1024\" height=\"576\" src=\"https:\/\/www.hb.co.cr\/wp-content\/uploads\/2017\/07\/Garden-8-1024x576.jpg\" class=\"attachment-large size-large\" alt=\"\" srcset=\"https:\/\/www.hb.co.cr\/wp-content\/uploads\/2017\/07\/Garden-8-1024x576.jpg 1024w, https:\/\/www.hb.co.cr\/wp-content\/uploads\/2017\/07\/Garden-8-300x169.jpg 300w, https:\/\/www.hb.co.cr\/wp-content\/uploads\/2017\/07\/Garden-8-768x432.jpg 768w, https:\/\/www.hb.co.cr\/wp-content\/uploads\/2017\/07\/Garden-8-260x146.jpg 260w, https:\/\/www.hb.co.cr\/wp-content\/uploads\/2017\/07\/Garden-8-50x28.jpg 50w, https:\/\/www.hb.co.cr\/wp-content\/uploads\/2017\/07\/Garden-8-133x75.jpg 133w, https:\/\/www.hb.co.cr\/wp-content\/uploads\/2017\/07\/Garden-8.jpg 1100w\" sizes=\"auto, (max-width:767px) 700px, (max-width:1024px) 100vw, 1024px\" \/><\/a><\/div>\n\n<div class=\"carousel-slider__item\">\n\t<a class=\"magnific-popup\" href=\"https:\/\/www.hb.co.cr\/wp-content\/uploads\/2017\/07\/Garden-9.jpg\" data-width=\"1100\" data-height=\"619\"><img loading=\"lazy\" decoding=\"async\" width=\"1024\" height=\"576\" src=\"https:\/\/www.hb.co.cr\/wp-content\/uploads\/2017\/07\/Garden-9-1024x576.jpg\" class=\"attachment-large size-large\" alt=\"\" srcset=\"https:\/\/www.hb.co.cr\/wp-content\/uploads\/2017\/07\/Garden-9-1024x576.jpg 1024w, https:\/\/www.hb.co.cr\/wp-content\/uploads\/2017\/07\/Garden-9-300x169.jpg 300w, https:\/\/www.hb.co.cr\/wp-content\/uploads\/2017\/07\/Garden-9-768x432.jpg 768w, https:\/\/www.hb.co.cr\/wp-content\/uploads\/2017\/07\/Garden-9-260x146.jpg 260w, https:\/\/www.hb.co.cr\/wp-content\/uploads\/2017\/07\/Garden-9-50x28.jpg 50w, https:\/\/www.hb.co.cr\/wp-content\/uploads\/2017\/07\/Garden-9-133x75.jpg 133w, https:\/\/www.hb.co.cr\/wp-content\/uploads\/2017\/07\/Garden-9.jpg 1100w\" sizes=\"auto, (max-width:767px) 700px, (max-width:1024px) 100vw, 1024px\" \/><\/a><\/div>\n\n<div class=\"carousel-slider__item\">\n\t<a class=\"magnific-popup\" href=\"https:\/\/www.hb.co.cr\/wp-content\/uploads\/2017\/07\/Garden-10.jpg\" data-width=\"1100\" data-height=\"619\"><img loading=\"lazy\" decoding=\"async\" width=\"1024\" height=\"576\" src=\"https:\/\/www.hb.co.cr\/wp-content\/uploads\/2017\/07\/Garden-10-1024x576.jpg\" class=\"attachment-large size-large\" alt=\"\" srcset=\"https:\/\/www.hb.co.cr\/wp-content\/uploads\/2017\/07\/Garden-10-1024x576.jpg 1024w, https:\/\/www.hb.co.cr\/wp-content\/uploads\/2017\/07\/Garden-10-300x169.jpg 300w, https:\/\/www.hb.co.cr\/wp-content\/uploads\/2017\/07\/Garden-10-768x432.jpg 768w, https:\/\/www.hb.co.cr\/wp-content\/uploads\/2017\/07\/Garden-10-260x146.jpg 260w, https:\/\/www.hb.co.cr\/wp-content\/uploads\/2017\/07\/Garden-10-50x28.jpg 50w, https:\/\/www.hb.co.cr\/wp-content\/uploads\/2017\/07\/Garden-10-133x75.jpg 133w, https:\/\/www.hb.co.cr\/wp-content\/uploads\/2017\/07\/Garden-10.jpg 1100w\" sizes=\"auto, (max-width:767px) 700px, (max-width:1024px) 100vw, 1024px\" \/><\/a><\/div>\n\n<\/div><!-- .carousel-slider-87 -->\n<\/div><!-- .carousel-slider-outer-87 -->\n<\/p>\n","protected":false},"excerpt":{"rendered":"","protected":false},"author":2,"featured_media":0,"parent":0,"menu_order":0,"comment_status":"closed","ping_status":"closed","template":"","meta":{"footnotes":""},"class_list":["post-462","page","type-page","status-publish","hentry"],"yoast_head":"<!-- This site is optimized with the Yoast SEO plugin v25.3 - https:\/\/yoast.com\/wordpress\/plugins\/seo\/ -->\n<title>Jardines, observaci\u00f3n de aves, especies de \u00e1rboles y flores por Hotel Bougainvillea, Heredia, Costa Rica<\/title>\n<meta name=\"description\" content=\"El Hotel Bougainvillea es un oasis de paz y tranquilidad. Uno de los pocos hoteles independientes en el Valle Central, tiene much\u00edsima personalidad. Rodeado de 4 hect\u00e1reas de jardines bot\u00e1nicos en los que se puede apreciar la naturaleza, con piscina, canchas de tenis, gimnasio y un restaurante donde se puede disfrutar de deliciosa comida al estilo tradicional europeo y tambi\u00e9n costarricense.\" \/>\n<meta name=\"robots\" content=\"index, follow, max-snippet:-1, max-image-preview:large, max-video-preview:-1\" \/>\n<link rel=\"canonical\" href=\"https:\/\/www.hb.co.cr\/es\/el-jardin\/\" \/>\n<meta property=\"og:locale\" content=\"es_ES\" \/>\n<meta property=\"og:type\" content=\"article\" \/>\n<meta property=\"og:title\" content=\"Jardines, observaci\u00f3n de aves, especies de \u00e1rboles y flores por Hotel Bougainvillea, Heredia, Costa Rica\" \/>\n<meta property=\"og:description\" content=\"El Hotel Bougainvillea es un oasis de paz y tranquilidad. Uno de los pocos hoteles independientes en el Valle Central, tiene much\u00edsima personalidad. Rodeado de 4 hect\u00e1reas de jardines bot\u00e1nicos en los que se puede apreciar la naturaleza, con piscina, canchas de tenis, gimnasio y un restaurante donde se puede disfrutar de deliciosa comida al estilo tradicional europeo y tambi\u00e9n costarricense.\" \/>\n<meta property=\"og:url\" content=\"https:\/\/www.hb.co.cr\/es\/el-jardin\/\" \/>\n<meta property=\"og:site_name\" content=\"Hotel Bougainvillea\" \/>\n<meta property=\"article:modified_time\" content=\"2025-06-13T17:08:23+00:00\" \/>\n<meta name=\"twitter:card\" content=\"summary_large_image\" \/>\n<meta name=\"twitter:label1\" content=\"Tiempo de lectura\" \/>\n\t<meta name=\"twitter:data1\" content=\"1 minuto\" \/>\n<script type=\"application\/ld+json\" class=\"yoast-schema-graph\">{\"@context\":\"https:\/\/schema.org\",\"@graph\":[{\"@type\":\"WebPage\",\"@id\":\"https:\/\/www.hb.co.cr\/es\/el-jardin\/\",\"url\":\"https:\/\/www.hb.co.cr\/es\/el-jardin\/\",\"name\":\"Jardines, observaci\u00f3n de aves, especies de \u00e1rboles y flores por Hotel Bougainvillea, Heredia, Costa Rica\",\"isPartOf\":{\"@id\":\"https:\/\/www.hb.co.cr\/es\/#website\"},\"datePublished\":\"2017-07-19T16:09:37+00:00\",\"dateModified\":\"2025-06-13T17:08:23+00:00\",\"description\":\"El Hotel Bougainvillea es un oasis de paz y tranquilidad. Uno de los pocos hoteles independientes en el Valle Central, tiene much\u00edsima personalidad. Rodeado de 4 hect\u00e1reas de jardines bot\u00e1nicos en los que se puede apreciar la naturaleza, con piscina, canchas de tenis, gimnasio y un restaurante donde se puede disfrutar de deliciosa comida al estilo tradicional europeo y tambi\u00e9n costarricense.\",\"breadcrumb\":{\"@id\":\"https:\/\/www.hb.co.cr\/es\/el-jardin\/#breadcrumb\"},\"inLanguage\":\"es\",\"potentialAction\":[{\"@type\":\"ReadAction\",\"target\":[\"https:\/\/www.hb.co.cr\/es\/el-jardin\/\"]}]},{\"@type\":\"BreadcrumbList\",\"@id\":\"https:\/\/www.hb.co.cr\/es\/el-jardin\/#breadcrumb\",\"itemListElement\":[{\"@type\":\"ListItem\",\"position\":1,\"name\":\"Home\",\"item\":\"https:\/\/www.hb.co.cr\/es\/\"},{\"@type\":\"ListItem\",\"position\":2,\"name\":\"El Jard\u00edn\"}]},{\"@type\":\"WebSite\",\"@id\":\"https:\/\/www.hb.co.cr\/es\/#website\",\"url\":\"https:\/\/www.hb.co.cr\/es\/\",\"name\":\"Hotel Bougainvillea\",\"description\":\"Hotel Bougainvillea\",\"potentialAction\":[{\"@type\":\"SearchAction\",\"target\":{\"@type\":\"EntryPoint\",\"urlTemplate\":\"https:\/\/www.hb.co.cr\/es\/?s={search_term_string}\"},\"query-input\":{\"@type\":\"PropertyValueSpecification\",\"valueRequired\":true,\"valueName\":\"search_term_string\"}}],\"inLanguage\":\"es\"}]}<\/script>\n<!-- \/ Yoast SEO plugin. -->","yoast_head_json":{"title":"Jardines, observaci\u00f3n de aves, especies de \u00e1rboles y flores por Hotel Bougainvillea, Heredia, Costa Rica","description":"El Hotel Bougainvillea es un oasis de paz y tranquilidad. Uno de los pocos hoteles independientes en el Valle Central, tiene much\u00edsima personalidad. Rodeado de 4 hect\u00e1reas de jardines bot\u00e1nicos en los que se puede apreciar la naturaleza, con piscina, canchas de tenis, gimnasio y un restaurante donde se puede disfrutar de deliciosa comida al estilo tradicional europeo y tambi\u00e9n costarricense.","robots":{"index":"index","follow":"follow","max-snippet":"max-snippet:-1","max-image-preview":"max-image-preview:large","max-video-preview":"max-video-preview:-1"},"canonical":"https:\/\/www.hb.co.cr\/es\/el-jardin\/","og_locale":"es_ES","og_type":"article","og_title":"Jardines, observaci\u00f3n de aves, especies de \u00e1rboles y flores por Hotel Bougainvillea, Heredia, Costa Rica","og_description":"El Hotel Bougainvillea es un oasis de paz y tranquilidad. Uno de los pocos hoteles independientes en el Valle Central, tiene much\u00edsima personalidad. Rodeado de 4 hect\u00e1reas de jardines bot\u00e1nicos en los que se puede apreciar la naturaleza, con piscina, canchas de tenis, gimnasio y un restaurante donde se puede disfrutar de deliciosa comida al estilo tradicional europeo y tambi\u00e9n costarricense.","og_url":"https:\/\/www.hb.co.cr\/es\/el-jardin\/","og_site_name":"Hotel Bougainvillea","article_modified_time":"2025-06-13T17:08:23+00:00","twitter_card":"summary_large_image","twitter_misc":{"Tiempo de lectura":"1 minuto"},"schema":{"@context":"https:\/\/schema.org","@graph":[{"@type":"WebPage","@id":"https:\/\/www.hb.co.cr\/es\/el-jardin\/","url":"https:\/\/www.hb.co.cr\/es\/el-jardin\/","name":"Jardines, observaci\u00f3n de aves, especies de \u00e1rboles y flores por Hotel Bougainvillea, Heredia, Costa Rica","isPartOf":{"@id":"https:\/\/www.hb.co.cr\/es\/#website"},"datePublished":"2017-07-19T16:09:37+00:00","dateModified":"2025-06-13T17:08:23+00:00","description":"El Hotel Bougainvillea es un oasis de paz y tranquilidad. Uno de los pocos hoteles independientes en el Valle Central, tiene much\u00edsima personalidad. Rodeado de 4 hect\u00e1reas de jardines bot\u00e1nicos en los que se puede apreciar la naturaleza, con piscina, canchas de tenis, gimnasio y un restaurante donde se puede disfrutar de deliciosa comida al estilo tradicional europeo y tambi\u00e9n costarricense.","breadcrumb":{"@id":"https:\/\/www.hb.co.cr\/es\/el-jardin\/#breadcrumb"},"inLanguage":"es","potentialAction":[{"@type":"ReadAction","target":["https:\/\/www.hb.co.cr\/es\/el-jardin\/"]}]},{"@type":"BreadcrumbList","@id":"https:\/\/www.hb.co.cr\/es\/el-jardin\/#breadcrumb","itemListElement":[{"@type":"ListItem","position":1,"name":"Home","item":"https:\/\/www.hb.co.cr\/es\/"},{"@type":"ListItem","position":2,"name":"El Jard\u00edn"}]},{"@type":"WebSite","@id":"https:\/\/www.hb.co.cr\/es\/#website","url":"https:\/\/www.hb.co.cr\/es\/","name":"Hotel Bougainvillea","description":"Hotel Bougainvillea","potentialAction":[{"@type":"SearchAction","target":{"@type":"EntryPoint","urlTemplate":"https:\/\/www.hb.co.cr\/es\/?s={search_term_string}"},"query-input":{"@type":"PropertyValueSpecification","valueRequired":true,"valueName":"search_term_string"}}],"inLanguage":"es"}]}},"_links":{"self":[{"href":"https:\/\/www.hb.co.cr\/es\/wp-json\/wp\/v2\/pages\/462","targetHints":{"allow":["GET"]}}],"collection":[{"href":"https:\/\/www.hb.co.cr\/es\/wp-json\/wp\/v2\/pages"}],"about":[{"href":"https:\/\/www.hb.co.cr\/es\/wp-json\/wp\/v2\/types\/page"}],"author":[{"embeddable":true,"href":"https:\/\/www.hb.co.cr\/es\/wp-json\/wp\/v2\/users\/2"}],"replies":[{"embeddable":true,"href":"https:\/\/www.hb.co.cr\/es\/wp-json\/wp\/v2\/comments?post=462"}],"version-history":[{"count":2,"href":"https:\/\/www.hb.co.cr\/es\/wp-json\/wp\/v2\/pages\/462\/revisions"}],"predecessor-version":[{"id":545,"href":"https:\/\/www.hb.co.cr\/es\/wp-json\/wp\/v2\/pages\/462\/revisions\/545"}],"wp:attachment":[{"href":"https:\/\/www.hb.co.cr\/es\/wp-json\/wp\/v2\/media?parent=462"}],"curies":[{"name":"wp","href":"https:\/\/api.w.org\/{rel}","templated":true}]}}