{"id":466,"date":"2017-06-14T21:43:30","date_gmt":"2017-06-14T21:43:30","guid":{"rendered":"https:\/\/www.hb.co.cr\/facilities\/"},"modified":"2025-06-10T21:34:45","modified_gmt":"2025-06-10T21:34:45","slug":"facilidades","status":"publish","type":"page","link":"https:\/\/www.hb.co.cr\/es\/facilidades\/","title":{"rendered":"Facilidades"},"content":{"rendered":"","protected":false},"excerpt":{"rendered":"","protected":false},"author":2,"featured_media":0,"parent":0,"menu_order":0,"comment_status":"closed","ping_status":"closed","template":"","meta":{"footnotes":""},"class_list":["post-466","page","type-page","status-publish","hentry"],"yoast_head":"<!-- This site is optimized with the Yoast SEO plugin v25.3 - https:\/\/yoast.com\/wordpress\/plugins\/seo\/ -->\n<title>Piscina, Gimnasio, Canchas de tennis y senderos por Hotel Bougainvillea, Heredia, Costa Rica<\/title>\n<meta name=\"description\" content=\"El Hotel Bougainvillea es un oasis de paz y tranquilidad. Uno de los pocos hoteles independientes en el Valle Central, tiene much\u00edsima personalidad. Rodeado de 4 hect\u00e1reas de jardines bot\u00e1nicos en los que se puede apreciar la naturaleza, con piscina, canchas de tenis, gimnasio y un restaurante donde se puede disfrutar de deliciosa comida al estilo tradicional europeo y tambi\u00e9n costarricense.\" \/>\n<meta name=\"robots\" content=\"index, follow, max-snippet:-1, max-image-preview:large, max-video-preview:-1\" \/>\n<link rel=\"canonical\" href=\"https:\/\/www.hb.co.cr\/es\/facilidades\/\" \/>\n<meta property=\"og:locale\" content=\"es_ES\" \/>\n<meta property=\"og:type\" content=\"article\" \/>\n<meta property=\"og:title\" content=\"Piscina, Gimnasio, Canchas de tennis y senderos por Hotel Bougainvillea, Heredia, Costa Rica\" \/>\n<meta property=\"og:description\" content=\"El Hotel Bougainvillea es un oasis de paz y tranquilidad. Uno de los pocos hoteles independientes en el Valle Central, tiene much\u00edsima personalidad. Rodeado de 4 hect\u00e1reas de jardines bot\u00e1nicos en los que se puede apreciar la naturaleza, con piscina, canchas de tenis, gimnasio y un restaurante donde se puede disfrutar de deliciosa comida al estilo tradicional europeo y tambi\u00e9n costarricense.\" \/>\n<meta property=\"og:url\" content=\"https:\/\/www.hb.co.cr\/es\/facilidades\/\" \/>\n<meta property=\"og:site_name\" content=\"Hotel Bougainvillea\" \/>\n<meta property=\"article:modified_time\" content=\"2025-06-10T21:34:45+00:00\" \/>\n<meta name=\"twitter:card\" content=\"summary_large_image\" \/>\n<script type=\"application\/ld+json\" class=\"yoast-schema-graph\">{\"@context\":\"https:\/\/schema.org\",\"@graph\":[{\"@type\":\"WebPage\",\"@id\":\"https:\/\/www.hb.co.cr\/es\/facilidades\/\",\"url\":\"https:\/\/www.hb.co.cr\/es\/facilidades\/\",\"name\":\"Piscina, Gimnasio, Canchas de tennis y senderos por Hotel Bougainvillea, Heredia, Costa Rica\",\"isPartOf\":{\"@id\":\"https:\/\/www.hb.co.cr\/es\/#website\"},\"datePublished\":\"2017-06-14T21:43:30+00:00\",\"dateModified\":\"2025-06-10T21:34:45+00:00\",\"description\":\"El Hotel Bougainvillea es un oasis de paz y tranquilidad. Uno de los pocos hoteles independientes en el Valle Central, tiene much\u00edsima personalidad. Rodeado de 4 hect\u00e1reas de jardines bot\u00e1nicos en los que se puede apreciar la naturaleza, con piscina, canchas de tenis, gimnasio y un restaurante donde se puede disfrutar de deliciosa comida al estilo tradicional europeo y tambi\u00e9n costarricense.\",\"breadcrumb\":{\"@id\":\"https:\/\/www.hb.co.cr\/es\/facilidades\/#breadcrumb\"},\"inLanguage\":\"es\",\"potentialAction\":[{\"@type\":\"ReadAction\",\"target\":[\"https:\/\/www.hb.co.cr\/es\/facilidades\/\"]}]},{\"@type\":\"BreadcrumbList\",\"@id\":\"https:\/\/www.hb.co.cr\/es\/facilidades\/#breadcrumb\",\"itemListElement\":[{\"@type\":\"ListItem\",\"position\":1,\"name\":\"Home\",\"item\":\"https:\/\/www.hb.co.cr\/es\/\"},{\"@type\":\"ListItem\",\"position\":2,\"name\":\"Facilidades\"}]},{\"@type\":\"WebSite\",\"@id\":\"https:\/\/www.hb.co.cr\/es\/#website\",\"url\":\"https:\/\/www.hb.co.cr\/es\/\",\"name\":\"Hotel Bougainvillea\",\"description\":\"Hotel Bougainvillea\",\"potentialAction\":[{\"@type\":\"SearchAction\",\"target\":{\"@type\":\"EntryPoint\",\"urlTemplate\":\"https:\/\/www.hb.co.cr\/es\/?s={search_term_string}\"},\"query-input\":{\"@type\":\"PropertyValueSpecification\",\"valueRequired\":true,\"valueName\":\"search_term_string\"}}],\"inLanguage\":\"es\"}]}<\/script>\n<!-- \/ Yoast SEO plugin. -->","yoast_head_json":{"title":"Piscina, Gimnasio, Canchas de tennis y senderos por Hotel Bougainvillea, Heredia, Costa Rica","description":"El Hotel Bougainvillea es un oasis de paz y tranquilidad. Uno de los pocos hoteles independientes en el Valle Central, tiene much\u00edsima personalidad. Rodeado de 4 hect\u00e1reas de jardines bot\u00e1nicos en los que se puede apreciar la naturaleza, con piscina, canchas de tenis, gimnasio y un restaurante donde se puede disfrutar de deliciosa comida al estilo tradicional europeo y tambi\u00e9n costarricense.","robots":{"index":"index","follow":"follow","max-snippet":"max-snippet:-1","max-image-preview":"max-image-preview:large","max-video-preview":"max-video-preview:-1"},"canonical":"https:\/\/www.hb.co.cr\/es\/facilidades\/","og_locale":"es_ES","og_type":"article","og_title":"Piscina, Gimnasio, Canchas de tennis y senderos por Hotel Bougainvillea, Heredia, Costa Rica","og_description":"El Hotel Bougainvillea es un oasis de paz y tranquilidad. Uno de los pocos hoteles independientes en el Valle Central, tiene much\u00edsima personalidad. Rodeado de 4 hect\u00e1reas de jardines bot\u00e1nicos en los que se puede apreciar la naturaleza, con piscina, canchas de tenis, gimnasio y un restaurante donde se puede disfrutar de deliciosa comida al estilo tradicional europeo y tambi\u00e9n costarricense.","og_url":"https:\/\/www.hb.co.cr\/es\/facilidades\/","og_site_name":"Hotel Bougainvillea","article_modified_time":"2025-06-10T21:34:45+00:00","twitter_card":"summary_large_image","schema":{"@context":"https:\/\/schema.org","@graph":[{"@type":"WebPage","@id":"https:\/\/www.hb.co.cr\/es\/facilidades\/","url":"https:\/\/www.hb.co.cr\/es\/facilidades\/","name":"Piscina, Gimnasio, Canchas de tennis y senderos por Hotel Bougainvillea, Heredia, Costa Rica","isPartOf":{"@id":"https:\/\/www.hb.co.cr\/es\/#website"},"datePublished":"2017-06-14T21:43:30+00:00","dateModified":"2025-06-10T21:34:45+00:00","description":"El Hotel Bougainvillea es un oasis de paz y tranquilidad. Uno de los pocos hoteles independientes en el Valle Central, tiene much\u00edsima personalidad. Rodeado de 4 hect\u00e1reas de jardines bot\u00e1nicos en los que se puede apreciar la naturaleza, con piscina, canchas de tenis, gimnasio y un restaurante donde se puede disfrutar de deliciosa comida al estilo tradicional europeo y tambi\u00e9n costarricense.","breadcrumb":{"@id":"https:\/\/www.hb.co.cr\/es\/facilidades\/#breadcrumb"},"inLanguage":"es","potentialAction":[{"@type":"ReadAction","target":["https:\/\/www.hb.co.cr\/es\/facilidades\/"]}]},{"@type":"BreadcrumbList","@id":"https:\/\/www.hb.co.cr\/es\/facilidades\/#breadcrumb","itemListElement":[{"@type":"ListItem","position":1,"name":"Home","item":"https:\/\/www.hb.co.cr\/es\/"},{"@type":"ListItem","position":2,"name":"Facilidades"}]},{"@type":"WebSite","@id":"https:\/\/www.hb.co.cr\/es\/#website","url":"https:\/\/www.hb.co.cr\/es\/","name":"Hotel Bougainvillea","description":"Hotel Bougainvillea","potentialAction":[{"@type":"SearchAction","target":{"@type":"EntryPoint","urlTemplate":"https:\/\/www.hb.co.cr\/es\/?s={search_term_string}"},"query-input":{"@type":"PropertyValueSpecification","valueRequired":true,"valueName":"search_term_string"}}],"inLanguage":"es"}]}},"_links":{"self":[{"href":"https:\/\/www.hb.co.cr\/es\/wp-json\/wp\/v2\/pages\/466","targetHints":{"allow":["GET"]}}],"collection":[{"href":"https:\/\/www.hb.co.cr\/es\/wp-json\/wp\/v2\/pages"}],"about":[{"href":"https:\/\/www.hb.co.cr\/es\/wp-json\/wp\/v2\/types\/page"}],"author":[{"embeddable":true,"href":"https:\/\/www.hb.co.cr\/es\/wp-json\/wp\/v2\/users\/2"}],"replies":[{"embeddable":true,"href":"https:\/\/www.hb.co.cr\/es\/wp-json\/wp\/v2\/comments?post=466"}],"version-history":[{"count":1,"href":"https:\/\/www.hb.co.cr\/es\/wp-json\/wp\/v2\/pages\/466\/revisions"}],"predecessor-version":[{"id":467,"href":"https:\/\/www.hb.co.cr\/es\/wp-json\/wp\/v2\/pages\/466\/revisions\/467"}],"wp:attachment":[{"href":"https:\/\/www.hb.co.cr\/es\/wp-json\/wp\/v2\/media?parent=466"}],"curies":[{"name":"wp","href":"https:\/\/api.w.org\/{rel}","templated":true}]}}